{"id":9946,"date":"2024-04-15T15:26:55","date_gmt":"2024-04-15T12:26:55","guid":{"rendered":"https:\/\/privaon.com\/muut-tietosuojaprojektit\/"},"modified":"2024-11-01T16:50:24","modified_gmt":"2024-11-01T14:50:24","slug":"muut-tietosuojaprojektit","status":"publish","type":"page","link":"https:\/\/privaon.com\/fi\/palvelut\/muut-tietosuojaprojektit\/","title":{"rendered":"Muut tietosuojaprojektit"},"content":{"rendered":"<p>[et_pb_section fb_built=&#8221;1&#8243; fullwidth=&#8221;on&#8221; admin_label=&#8221;Hero Section&#8221; _builder_version=&#8221;4.16&#8243; global_colors_info=&#8221;{}&#8221;][et_pb_fullwidth_header title=&#8221;Projektit&#8221; subhead=&#8221;Muut tietosuojaprojektit&#8221; background_overlay_color=&#8221;rgba(0,0,0,0.5)&#8221; content_max_width=&#8221;700px&#8221; subhead_tablet=&#8221;Muut tietosuoja-projektit&#8221; subhead_phone=&#8221;Muut tietosuoja-projektit&#8221; subhead_last_edited=&#8221;on|phone&#8221; _builder_version=&#8221;4.27.2&#8243; title_font=&#8221;|700||on|||||&#8221; title_text_color=&#8221;#1A83FF&#8221; title_font_size=&#8221;14px&#8221; title_letter_spacing=&#8221;2px&#8221; title_line_height=&#8221;1.4em&#8221; content_font=&#8221;||||||||&#8221; content_font_size=&#8221;18px&#8221; content_line_height=&#8221;2em&#8221; subhead_font=&#8221;|700||on|||||&#8221; subhead_font_size=&#8221;48px&#8221; subhead_letter_spacing=&#8221;3px&#8221; subhead_line_height=&#8221;1.4em&#8221; background_color=&#8221;rgba(255, 255, 255, 0)&#8221; background_image=&#8221;https:\/\/imagedelivery.net\/IJC_z4Uma0UREOtCDhmdTw\/1fffe798-df63-4d21-2713-9a4eba0e0700\/PrivaonKansi&#8221; custom_button_one=&#8221;on&#8221; button_one_border_width=&#8221;1px&#8221; button_one_border_color=&#8221;rgba(255,255,255,0.3)&#8221; button_one_border_radius=&#8221;0px&#8221; button_one_letter_spacing=&#8221;1px&#8221; button_one_font=&#8221;Saira Extra Condensed|600||on|||||&#8221; button_one_icon=&#8221;&#x24;||divi||400&#8243; button_one_icon_color=&#8221;#edbb5f&#8221; custom_button_two=&#8221;on&#8221; button_two_border_width=&#8221;1px&#8221; button_two_border_color=&#8221;rgba(255,255,255,0.3)&#8221; button_two_border_radius=&#8221;0px&#8221; button_two_letter_spacing=&#8221;1px&#8221; button_two_font=&#8221;Saira Extra Condensed|600||on|||||&#8221; button_two_icon=&#8221;&#x24;||divi||400&#8243; button_two_icon_color=&#8221;#edbb5f&#8221; module_alignment=&#8221;right&#8221; custom_margin=&#8221;|||&#8221; custom_padding=&#8221;8%||8%|&#8221; hover_enabled=&#8221;0&#8243; subhead_font_size_tablet=&#8221;48px&#8221; subhead_font_size_phone=&#8221;30px&#8221; subhead_font_size_last_edited=&#8221;on|phone&#8221; button_one_text_color_hover=&#8221;#edbb5f&#8221; button_two_text_color_hover=&#8221;#edbb5f&#8221; button_one_bg_color_hover=&#8221;rgba(0,0,0,0)&#8221; button_two_bg_color_hover=&#8221;rgba(0,0,0,0)&#8221; global_colors_info=&#8221;{}&#8221; button_one_text_size__hover_enabled=&#8221;off&#8221; button_two_text_size__hover_enabled=&#8221;off&#8221; button_one_text_color__hover_enabled=&#8221;on&#8221; button_one_text_color__hover=&#8221;#edbb5f&#8221; button_two_text_color__hover_enabled=&#8221;on&#8221; button_two_text_color__hover=&#8221;#edbb5f&#8221; button_one_border_width__hover_enabled=&#8221;off&#8221; button_two_border_width__hover_enabled=&#8221;off&#8221; button_one_border_color__hover_enabled=&#8221;off&#8221; button_two_border_color__hover_enabled=&#8221;off&#8221; button_one_border_radius__hover_enabled=&#8221;off&#8221; button_two_border_radius__hover_enabled=&#8221;off&#8221; button_one_letter_spacing__hover_enabled=&#8221;off&#8221; button_two_letter_spacing__hover_enabled=&#8221;off&#8221; button_one_bg_color__hover_enabled=&#8221;on&#8221; button_one_bg_color__hover=&#8221;rgba(0,0,0,0)&#8221; button_two_bg_color__hover_enabled=&#8221;on&#8221; button_two_bg_color__hover=&#8221;rgba(0,0,0,0)&#8221; sticky_enabled=&#8221;0&#8243;]<\/p>\n<p>R\u00e4\u00e4t\u00e4l\u00f6imme organisaatioiden tarpeisiin sopivia tietosuojaratkaisuja. <span>Esimerkiksi Privaonin r\u00e4\u00e4t\u00e4l\u00f6ity tietosuojakonsultointi sopii liiketoiminnan vaativimpien tietosuojahaasteiden ratkaisemiseksi.<\/span><\/p>\n<p>[\/et_pb_fullwidth_header][\/et_pb_section][et_pb_section fb_built=&#8221;1&#8243; custom_padding_last_edited=&#8221;on|phone&#8221; admin_label=&#8221;Introduction&#8221; _builder_version=&#8221;4.27.2&#8243; custom_margin=&#8221;|||&#8221; custom_padding=&#8221;100px|0px|100px|0px&#8221; custom_padding_tablet=&#8221;40px||||false|false&#8221; custom_padding_phone=&#8221;20px||||false|false&#8221; global_colors_info=&#8221;{}&#8221;][et_pb_row column_structure=&#8221;1_2,1_2&#8243; use_custom_gutter=&#8221;on&#8221; gutter_width=&#8221;4&#8243; _builder_version=&#8221;4.16&#8243; animation_style=&#8221;fade&#8221; global_colors_info=&#8221;{}&#8221;][et_pb_column type=&#8221;1_2&#8243; _builder_version=&#8221;4.16&#8243; custom_padding=&#8221;|||&#8221; global_colors_info=&#8221;{}&#8221; custom_padding__hover=&#8221;|||&#8221;][et_pb_text _builder_version=&#8221;4.25.0&#8243; text_font=&#8221;||||||||&#8221; header_font=&#8221;||||||||&#8221; header_2_font=&#8221;|800|||||||&#8221; header_2_font_size=&#8221;30px&#8221; header_2_line_height=&#8221;1.4em&#8221; header_3_font=&#8221;|700||on|||||&#8221; header_3_text_color=&#8221;#1A83FF&#8221; header_3_font_size=&#8221;14px&#8221; header_3_letter_spacing=&#8221;1px&#8221; header_3_line_height=&#8221;2em&#8221; header_2_font_size_tablet=&#8221;30px&#8221; header_2_font_size_phone=&#8221;25px&#8221; header_2_font_size_last_edited=&#8221;on|phone&#8221; global_colors_info=&#8221;{}&#8221;]<\/p>\n<h3>Muut tietosuojaprojektit<\/h3>\n<h2><span>R\u00e4\u00e4t\u00e4l\u00f6ity tietosuojakonsultointi<\/span><\/h2>\n<p>[\/et_pb_text][et_pb_divider color=&#8221;#1A83FF&#8221; divider_weight=&#8221;2px&#8221; _builder_version=&#8221;4.23.1&#8243; max_width=&#8221;60px&#8221; module_alignment=&#8221;left&#8221; height=&#8221;2px&#8221; global_colors_info=&#8221;{}&#8221;][\/et_pb_divider][et_pb_text _builder_version=&#8221;4.27.2&#8243; text_font=&#8221;||||||||&#8221; text_line_height=&#8221;2em&#8221; max_width=&#8221;550px&#8221; global_colors_info=&#8221;{}&#8221;]<\/p>\n<p>Organisaatiot kohtaavat joka p\u00e4iv\u00e4 erilaisia haasteita tietosuojaan liittyen. Olivatpa n\u00e4m\u00e4 haasteet tietopyynt\u00f6jen hallinnointi, tietosuojadokumenttien, kuten ev\u00e4stek\u00e4yt\u00e4nn\u00f6n, tietosuojaselosteen tai sis\u00e4isten ohjeistuksien laatiminen ja p\u00e4ivitt\u00e4minen tai <span>kokonaisvaltaisen tietosuojaohjelman kehitt\u00e4minen<\/span> Privaon tarjoaa organisaatiollesi kattavan valikoiman tietosuojan erikoisosaajia, eri aloilta ja vuosien kokemuksen lukuisten tietosuojahankkeiden parissa ty\u00f6skentelyst\u00e4. <\/p>\n<p>Privaon on kokenut tietosuoja-alan ammattilainen jo vuosien ajalta. Asiantuntijamme ovat ty\u00f6skennelleet niin lyhytj\u00e4nteisemmiss\u00e4 GDPR-projekteissa, kuin jatkuvissa, pitk\u00e4kestoisemmissa tietosuojahankkeissa. Kokemuksemme sopii ketterien start-uppien tietosuojahaasteista aina kansainv\u00e4listen organisaatioiden kokonaisvaltaisempiin tarpeisiin. Ty\u00f6skentelemme sujuvasti niin yksityisell\u00e4, kuin julkisella puolella.   <\/p>\n<p>[\/et_pb_text][\/et_pb_column][et_pb_column type=&#8221;1_2&#8243; _builder_version=&#8221;4.16&#8243; custom_padding=&#8221;|||&#8221; global_colors_info=&#8221;{}&#8221; custom_padding__hover=&#8221;|||&#8221;][et_pb_image src=&#8221;https:\/\/privaon.com\/wp-content\/uploads\/2024\/10\/other-projects-jpg.avif&#8221; align_tablet=&#8221;center&#8221; align_phone=&#8221;center&#8221; align_last_edited=&#8221;on|desktop&#8221; _builder_version=&#8221;4.27.2&#8243; animation_style=&#8221;fade&#8221; border_radii=&#8221;on|10px|10px|10px|10px&#8221; global_colors_info=&#8221;{}&#8221;][\/et_pb_image][\/et_pb_column][\/et_pb_row][\/et_pb_section][et_pb_section fb_built=&#8221;1&#8243; admin_label=&#8221;Problem and Solution&#8221; _builder_version=&#8221;4.27.2&#8243; background_color=&#8221;#191919&#8243; custom_padding=&#8221;100px|0px|100px|0px&#8221; global_colors_info=&#8221;{}&#8221;][et_pb_row use_custom_gutter=&#8221;on&#8221; gutter_width=&#8221;4&#8243; _builder_version=&#8221;4.16&#8243; animation_style=&#8221;fade&#8221; locked=&#8221;off&#8221; global_colors_info=&#8221;{}&#8221;][et_pb_column type=&#8221;4_4&#8243; _builder_version=&#8221;4.16&#8243; custom_padding=&#8221;|||&#8221; global_colors_info=&#8221;{}&#8221; custom_padding__hover=&#8221;|||&#8221;][et_pb_text _builder_version=&#8221;4.23.1&#8243; text_font=&#8221;||||||||&#8221; header_font=&#8221;||||||||&#8221; header_2_font=&#8221;|800|||||||&#8221; header_2_font_size=&#8221;38px&#8221; header_2_line_height=&#8221;1.4em&#8221; header_3_font=&#8221;|700||on|||||&#8221; header_3_text_color=&#8221;#1A83FF&#8221; header_3_font_size=&#8221;14px&#8221; header_3_letter_spacing=&#8221;1px&#8221; header_3_line_height=&#8221;2em&#8221; text_orientation=&#8221;center&#8221; background_layout=&#8221;dark&#8221; max_width=&#8221;700px&#8221; module_alignment=&#8221;center&#8221; header_2_font_size_tablet=&#8221;38px&#8221; header_2_font_size_phone=&#8221;25px&#8221; header_2_font_size_last_edited=&#8221;on|phone&#8221; global_colors_info=&#8221;{}&#8221;]<\/p>\n<h3>Muut tietosuojaprojektit<\/h3>\n<h2>Palvelun k\u00e4ytt\u00f6\u00f6notto<\/h2>\n<p>[\/et_pb_text][et_pb_divider color=&#8221;#1A83FF&#8221; divider_weight=&#8221;2px&#8221; _builder_version=&#8221;4.23.1&#8243; max_width=&#8221;60px&#8221; module_alignment=&#8221;center&#8221; height=&#8221;2px&#8221; global_colors_info=&#8221;{}&#8221;][\/et_pb_divider][\/et_pb_column][\/et_pb_row][et_pb_row column_structure=&#8221;1_2,1_2&#8243; _builder_version=&#8221;4.16&#8243; custom_margin=&#8221;2%|||&#8221; custom_padding=&#8221;|||&#8221; global_colors_info=&#8221;{}&#8221;][et_pb_column type=&#8221;1_2&#8243; _builder_version=&#8221;4.16&#8243; custom_padding=&#8221;|||&#8221; global_colors_info=&#8221;{}&#8221; custom_padding__hover=&#8221;|||&#8221;][et_pb_text _builder_version=&#8221;4.27.2&#8243; text_font=&#8221;||||||||&#8221; text_line_height=&#8221;2em&#8221; ul_line_height=&#8221;1.6em&#8221; header_font=&#8221;||||||||&#8221; header_2_font=&#8221;||||||||&#8221; header_3_font=&#8221;|700|||||||&#8221; header_3_text_color=&#8221;#1A83FF&#8221; header_3_letter_spacing=&#8221;1px&#8221; header_3_line_height=&#8221;1.4em&#8221; background_layout=&#8221;dark&#8221; max_width=&#8221;550px&#8221; custom_padding=&#8221;||22px|||&#8221; global_colors_info=&#8221;{}&#8221;]<\/p>\n<p><strong><span style=\"color: #3366ff;\">Esimerkkej\u00e4 Privaonin tietosuojakonsultoinnista<\/span><\/strong><\/p>\n<ul>\n<li>Suostumus-j\u00e4rjestelm\u00e4n kehitt\u00e4minen<\/li>\n<li>Sis\u00e4\u00e4nrakennetun tietosuojan (Privacy by Design) toteuttaminen<\/li>\n<li>Tietosuojaohjelman kehitt\u00e4minen<\/li>\n<li>Tietosuojaloukkausten reagointivalmiuden (Privacy Incident Response) selvitt\u00e4minen<\/li>\n<\/ul>\n<p><strong><span style=\"color: #3366ff;\">Avainominaisuudet<\/span><\/strong><\/p>\n<ul>\n<li>Joustavasti kohdistettavissa oleva kokenut asiantuntijatiimi<\/li>\n<li>Selke\u00e4 aikaan ja tuotettuun materiaaliin perustuva hinnoittelutapa<\/li>\n<li>Palvelutaso on mukautettavissa tarvittavan osaamisen mukaan<\/li>\n<li>Perustuu tietosuojan parhaisiin k\u00e4yt\u00e4nt\u00f6ihin<\/li>\n<\/ul>\n<p>&nbsp;<\/p>\n<p>[\/et_pb_text][\/et_pb_column][et_pb_column type=&#8221;1_2&#8243; _builder_version=&#8221;4.16&#8243; custom_padding=&#8221;|||&#8221; global_colors_info=&#8221;{}&#8221; custom_padding__hover=&#8221;|||&#8221;][et_pb_text _builder_version=&#8221;4.27.2&#8243; text_font=&#8221;||||||||&#8221; text_line_height=&#8221;2em&#8221; ul_line_height=&#8221;1.6em&#8221; header_font=&#8221;||||||||&#8221; header_2_font=&#8221;||||||||&#8221; header_3_font=&#8221;|700|||||||&#8221; header_3_text_color=&#8221;#1A83FF&#8221; header_3_letter_spacing=&#8221;1px&#8221; header_3_line_height=&#8221;1.4em&#8221; background_layout=&#8221;dark&#8221; max_width=&#8221;550px&#8221; custom_padding=&#8221;||22px|||&#8221; locked=&#8221;off&#8221; global_colors_info=&#8221;{}&#8221;]Tietosuojakonsultointi on aina r\u00e4\u00e4t\u00e4l\u00f6ity organisaatiosi tilanteeseen sopivaksi.<\/p>\n<p>Ota yhteytt\u00e4 meihin ja kysy lis\u00e4\u00e4 miten voimme auttaa!<\/p>\n<p>Tutustu Privaonin <strong><span style=\"text-decoration: underline;\"><a href=\"https:\/\/privaon.com\/fi\/palvelut\/\">muihin liiketoimintal\u00e4ht\u00f6isiin tietosuojapalveluihin<\/a><\/span><\/strong>.[\/et_pb_text][et_pb_button button_url=&#8221;@ET-DC@eyJkeW5hbWljIjp0cnVlLCJjb250ZW50IjoicG9zdF9saW5rX3VybF9wYWdlIiwic2V0dGluZ3MiOnsicG9zdF9pZCI6Ijc5ODMifX0=@&#8221; button_text=&#8221;Yhteystiedot&#8221; _builder_version=&#8221;4.27.2&#8243; _dynamic_attributes=&#8221;button_url&#8221; _module_preset=&#8221;default&#8221; custom_button=&#8221;on&#8221; button_text_size=&#8221;16px&#8221; button_text_color=&#8221;#1A83FF&#8221; button_bg_color=&#8221;RGBA(255,255,255,0)&#8221; button_border_color=&#8221;#1A83FF&#8221; button_border_radius=&#8221;100px&#8221; button_letter_spacing=&#8221;1px&#8221; button_font=&#8221;|600||on|||||&#8221; custom_margin=&#8221;auto||||false|false&#8221; custom_padding=&#8221;10px|35px|10px|35px|true|true&#8221; global_colors_info=&#8221;{}&#8221; button_text_color__hover_enabled=&#8221;on|desktop&#8221; button_text_color__hover=&#8221;#FFFFFF&#8221; button_border_color__hover_enabled=&#8221;on|desktop&#8221; button_border_color__hover=&#8221;#FFFFFF&#8221;][\/et_pb_button][\/et_pb_column][\/et_pb_row][\/et_pb_section]<\/p>\n","protected":false},"excerpt":{"rendered":"<p>R\u00e4\u00e4t\u00e4l\u00f6imme organisaatioiden tarpeisiin sopivia tietosuojaratkaisuja. Esimerkiksi Privaonin r\u00e4\u00e4t\u00e4l\u00f6ity tietosuojakonsultointi sopii liiketoiminnan vaativimpien tietosuojahaasteiden ratkaisemiseksi.Muut tietosuojaprojektit R\u00e4\u00e4t\u00e4l\u00f6ity tietosuojakonsultointiOrganisaatiot kohtaavat joka p\u00e4iv\u00e4 erilaisia haasteita tietosuojaan liittyen. Olivatpa n\u00e4m\u00e4 haasteet tietopyynt\u00f6jen hallinnointi, tietosuojadokumenttien, [&hellip;]<\/p>\n","protected":false},"author":1,"featured_media":0,"parent":9885,"menu_order":0,"comment_status":"closed","ping_status":"closed","template":"","meta":{"_et_pb_use_builder":"on","_et_pb_old_content":"","_et_gb_content_width":"","_improvement_type_select":"improve_an_existing","_thumb_yes_seoaic":false,"_frame_yes_seoaic":false,"seoaic_generate_description":"","seoaic_improve_instructions_prompt":"","seoaic_rollback_content_improvement":"","seoaic_idea_thumbnail_generator":"","thumbnail_generated":false,"thumbnail_generate_prompt":"","seoaic_article_description":"","_price":"","_stock":"","_tribe_ticket_header":"","_tribe_default_ticket_provider":"","_tribe_ticket_capacity":"0","_ticket_start_date":"","_ticket_end_date":"","_tribe_ticket_show_description":"","_tribe_ticket_show_not_going":false,"_tribe_ticket_use_global_stock":"","_tribe_ticket_global_stock_level":"","_global_stock_mode":"","_global_stock_cap":"","_tribe_rsvp_for_event":"","_tribe_ticket_going_count":"","_tribe_ticket_not_going_count":"","_tribe_tickets_list":"[]","_tribe_ticket_has_attendee_info_fields":false,"footnotes":"","_tec_slr_enabled":"","_tec_slr_layout":""},"class_list":["post-9946","page","type-page","status-publish","hentry"],"yoast_head":"<!-- This site is optimized with the Yoast SEO plugin v27.3 - https:\/\/yoast.com\/product\/yoast-seo-wordpress\/ -->\n<title>Muut tietosuojaprojektit | Privaon<\/title>\n<meta name=\"description\" content=\"R\u00e4\u00e4t\u00e4l\u00f6imme organisaatioiden tarpeisiin sopivia tietosuojaratkaisuja. Tietosuojakonsultointi sopii liiketoiminnan vaativimpien tietosuojahaasteiden ratkaisemiseksi.\" \/>\n<meta name=\"robots\" content=\"index, follow, max-snippet:-1, max-image-preview:large, max-video-preview:-1\" \/>\n<link rel=\"canonical\" href=\"https:\/\/privaon.com\/fi\/palvelut\/muut-tietosuojaprojektit\/\" \/>\n<meta property=\"og:locale\" content=\"fi_FI\" \/>\n<meta property=\"og:type\" content=\"article\" \/>\n<meta property=\"og:title\" content=\"Muut tietosuojaprojektit | Privaon\" \/>\n<meta property=\"og:description\" content=\"R\u00e4\u00e4t\u00e4l\u00f6imme organisaatioiden tarpeisiin sopivia tietosuojaratkaisuja. Tietosuojakonsultointi sopii liiketoiminnan vaativimpien tietosuojahaasteiden ratkaisemiseksi.\" \/>\n<meta property=\"og:url\" content=\"https:\/\/privaon.com\/fi\/palvelut\/muut-tietosuojaprojektit\/\" \/>\n<meta property=\"og:site_name\" content=\"Privaon\" \/>\n<meta property=\"article:modified_time\" content=\"2024-11-01T14:50:24+00:00\" \/>\n<meta property=\"og:image\" content=\"https:\/\/privaon.com\/wp-content\/uploads\/2024\/07\/23-1024x576.png\" \/>\n\t<meta property=\"og:image:width\" content=\"1024\" \/>\n\t<meta property=\"og:image:height\" content=\"576\" \/>\n\t<meta property=\"og:image:type\" content=\"image\/png\" \/>\n<meta name=\"twitter:card\" content=\"summary_large_image\" \/>\n<meta name=\"twitter:label1\" content=\"Arvioitu lukuaika\" \/>\n\t<meta name=\"twitter:data1\" content=\"6 minuuttia\" \/>\n<script type=\"application\/ld+json\" class=\"yoast-schema-graph\">{\"@context\":\"https:\\\/\\\/schema.org\",\"@graph\":[{\"@type\":\"WebPage\",\"@id\":\"https:\\\/\\\/privaon.com\\\/fi\\\/palvelut\\\/muut-tietosuojaprojektit\\\/\",\"url\":\"https:\\\/\\\/privaon.com\\\/fi\\\/palvelut\\\/muut-tietosuojaprojektit\\\/\",\"name\":\"Muut tietosuojaprojektit | Privaon\",\"isPartOf\":{\"@id\":\"https:\\\/\\\/privaon.com\\\/fi\\\/#website\"},\"datePublished\":\"2024-04-15T12:26:55+00:00\",\"dateModified\":\"2024-11-01T14:50:24+00:00\",\"description\":\"R\u00e4\u00e4t\u00e4l\u00f6imme organisaatioiden tarpeisiin sopivia tietosuojaratkaisuja. Tietosuojakonsultointi sopii liiketoiminnan vaativimpien tietosuojahaasteiden ratkaisemiseksi.\",\"breadcrumb\":{\"@id\":\"https:\\\/\\\/privaon.com\\\/fi\\\/palvelut\\\/muut-tietosuojaprojektit\\\/#breadcrumb\"},\"inLanguage\":\"fi\",\"potentialAction\":[{\"@type\":\"ReadAction\",\"target\":[\"https:\\\/\\\/privaon.com\\\/fi\\\/palvelut\\\/muut-tietosuojaprojektit\\\/\"]}]},{\"@type\":\"BreadcrumbList\",\"@id\":\"https:\\\/\\\/privaon.com\\\/fi\\\/palvelut\\\/muut-tietosuojaprojektit\\\/#breadcrumb\",\"itemListElement\":[{\"@type\":\"ListItem\",\"position\":1,\"name\":\"Etusivu\",\"item\":\"https:\\\/\\\/privaon.com\\\/fi\\\/\"},{\"@type\":\"ListItem\",\"position\":2,\"name\":\"Palvelut\",\"item\":\"https:\\\/\\\/privaon.com\\\/fi\\\/palvelut\\\/\"},{\"@type\":\"ListItem\",\"position\":3,\"name\":\"Muut tietosuojaprojektit\"}]},{\"@type\":\"WebSite\",\"@id\":\"https:\\\/\\\/privaon.com\\\/fi\\\/#website\",\"url\":\"https:\\\/\\\/privaon.com\\\/fi\\\/\",\"name\":\"Privaon\",\"description\":\"Privacy as a service\",\"publisher\":{\"@id\":\"https:\\\/\\\/privaon.com\\\/fi\\\/#organization\"},\"potentialAction\":[{\"@type\":\"SearchAction\",\"target\":{\"@type\":\"EntryPoint\",\"urlTemplate\":\"https:\\\/\\\/privaon.com\\\/fi\\\/?s={search_term_string}\"},\"query-input\":{\"@type\":\"PropertyValueSpecification\",\"valueRequired\":true,\"valueName\":\"search_term_string\"}}],\"inLanguage\":\"fi\"},{\"@type\":\"Organization\",\"@id\":\"https:\\\/\\\/privaon.com\\\/fi\\\/#organization\",\"name\":\"Privaon\",\"url\":\"https:\\\/\\\/privaon.com\\\/fi\\\/\",\"logo\":{\"@type\":\"ImageObject\",\"inLanguage\":\"fi\",\"@id\":\"https:\\\/\\\/privaon.com\\\/fi\\\/#\\\/schema\\\/logo\\\/image\\\/\",\"url\":\"https:\\\/\\\/privaon.com\\\/wp-content\\\/uploads\\\/2023\\\/12\\\/privaon-logo-black-blue.png\",\"contentUrl\":\"https:\\\/\\\/privaon.com\\\/wp-content\\\/uploads\\\/2023\\\/12\\\/privaon-logo-black-blue.png\",\"width\":240,\"height\":50,\"caption\":\"Privaon\"},\"image\":{\"@id\":\"https:\\\/\\\/privaon.com\\\/fi\\\/#\\\/schema\\\/logo\\\/image\\\/\"}}]}<\/script>\n<!-- \/ Yoast SEO plugin. -->","yoast_head_json":{"title":"Muut tietosuojaprojektit | Privaon","description":"R\u00e4\u00e4t\u00e4l\u00f6imme organisaatioiden tarpeisiin sopivia tietosuojaratkaisuja. Tietosuojakonsultointi sopii liiketoiminnan vaativimpien tietosuojahaasteiden ratkaisemiseksi.","robots":{"index":"index","follow":"follow","max-snippet":"max-snippet:-1","max-image-preview":"max-image-preview:large","max-video-preview":"max-video-preview:-1"},"canonical":"https:\/\/privaon.com\/fi\/palvelut\/muut-tietosuojaprojektit\/","og_locale":"fi_FI","og_type":"article","og_title":"Muut tietosuojaprojektit | Privaon","og_description":"R\u00e4\u00e4t\u00e4l\u00f6imme organisaatioiden tarpeisiin sopivia tietosuojaratkaisuja. Tietosuojakonsultointi sopii liiketoiminnan vaativimpien tietosuojahaasteiden ratkaisemiseksi.","og_url":"https:\/\/privaon.com\/fi\/palvelut\/muut-tietosuojaprojektit\/","og_site_name":"Privaon","article_modified_time":"2024-11-01T14:50:24+00:00","og_image":[{"width":1024,"height":576,"url":"https:\/\/privaon.com\/wp-content\/uploads\/2024\/07\/23-1024x576.png","type":"image\/png"}],"twitter_card":"summary_large_image","twitter_misc":{"Arvioitu lukuaika":"6 minuuttia"},"schema":{"@context":"https:\/\/schema.org","@graph":[{"@type":"WebPage","@id":"https:\/\/privaon.com\/fi\/palvelut\/muut-tietosuojaprojektit\/","url":"https:\/\/privaon.com\/fi\/palvelut\/muut-tietosuojaprojektit\/","name":"Muut tietosuojaprojektit | Privaon","isPartOf":{"@id":"https:\/\/privaon.com\/fi\/#website"},"datePublished":"2024-04-15T12:26:55+00:00","dateModified":"2024-11-01T14:50:24+00:00","description":"R\u00e4\u00e4t\u00e4l\u00f6imme organisaatioiden tarpeisiin sopivia tietosuojaratkaisuja. Tietosuojakonsultointi sopii liiketoiminnan vaativimpien tietosuojahaasteiden ratkaisemiseksi.","breadcrumb":{"@id":"https:\/\/privaon.com\/fi\/palvelut\/muut-tietosuojaprojektit\/#breadcrumb"},"inLanguage":"fi","potentialAction":[{"@type":"ReadAction","target":["https:\/\/privaon.com\/fi\/palvelut\/muut-tietosuojaprojektit\/"]}]},{"@type":"BreadcrumbList","@id":"https:\/\/privaon.com\/fi\/palvelut\/muut-tietosuojaprojektit\/#breadcrumb","itemListElement":[{"@type":"ListItem","position":1,"name":"Etusivu","item":"https:\/\/privaon.com\/fi\/"},{"@type":"ListItem","position":2,"name":"Palvelut","item":"https:\/\/privaon.com\/fi\/palvelut\/"},{"@type":"ListItem","position":3,"name":"Muut tietosuojaprojektit"}]},{"@type":"WebSite","@id":"https:\/\/privaon.com\/fi\/#website","url":"https:\/\/privaon.com\/fi\/","name":"Privaon","description":"Privacy as a service","publisher":{"@id":"https:\/\/privaon.com\/fi\/#organization"},"potentialAction":[{"@type":"SearchAction","target":{"@type":"EntryPoint","urlTemplate":"https:\/\/privaon.com\/fi\/?s={search_term_string}"},"query-input":{"@type":"PropertyValueSpecification","valueRequired":true,"valueName":"search_term_string"}}],"inLanguage":"fi"},{"@type":"Organization","@id":"https:\/\/privaon.com\/fi\/#organization","name":"Privaon","url":"https:\/\/privaon.com\/fi\/","logo":{"@type":"ImageObject","inLanguage":"fi","@id":"https:\/\/privaon.com\/fi\/#\/schema\/logo\/image\/","url":"https:\/\/privaon.com\/wp-content\/uploads\/2023\/12\/privaon-logo-black-blue.png","contentUrl":"https:\/\/privaon.com\/wp-content\/uploads\/2023\/12\/privaon-logo-black-blue.png","width":240,"height":50,"caption":"Privaon"},"image":{"@id":"https:\/\/privaon.com\/fi\/#\/schema\/logo\/image\/"}}]}},"ticketed":false,"_links":{"self":[{"href":"https:\/\/privaon.com\/fi\/wp-json\/wp\/v2\/pages\/9946","targetHints":{"allow":["GET"]}}],"collection":[{"href":"https:\/\/privaon.com\/fi\/wp-json\/wp\/v2\/pages"}],"about":[{"href":"https:\/\/privaon.com\/fi\/wp-json\/wp\/v2\/types\/page"}],"author":[{"embeddable":true,"href":"https:\/\/privaon.com\/fi\/wp-json\/wp\/v2\/users\/1"}],"replies":[{"embeddable":true,"href":"https:\/\/privaon.com\/fi\/wp-json\/wp\/v2\/comments?post=9946"}],"version-history":[{"count":13,"href":"https:\/\/privaon.com\/fi\/wp-json\/wp\/v2\/pages\/9946\/revisions"}],"predecessor-version":[{"id":10329,"href":"https:\/\/privaon.com\/fi\/wp-json\/wp\/v2\/pages\/9946\/revisions\/10329"}],"up":[{"embeddable":true,"href":"https:\/\/privaon.com\/fi\/wp-json\/wp\/v2\/pages\/9885"}],"wp:attachment":[{"href":"https:\/\/privaon.com\/fi\/wp-json\/wp\/v2\/media?parent=9946"}],"curies":[{"name":"wp","href":"https:\/\/api.w.org\/{rel}","templated":true}]}}