{"id":7509,"date":"2024-04-18T09:34:56","date_gmt":"2024-04-18T06:34:56","guid":{"rendered":"https:\/\/privaon.fi\/?page_id=7509"},"modified":"2025-09-05T10:05:53","modified_gmt":"2025-09-05T07:05:53","slug":"dpo-akatemia-koulutusohjelman-ehdot","status":"publish","type":"page","link":"https:\/\/privaon.com\/fi\/dpo-akatemia-koulutusohjelman-ehdot\/","title":{"rendered":"DPO Akatemia koulutusohjelman ehdot"},"content":{"rendered":"<p>[et_pb_section fb_built=&#8221;1&#8243; admin_label=&#8221;Introduction&#8221; _builder_version=&#8221;4.16&#8243; custom_margin=&#8221;|||&#8221; custom_padding=&#8221;32px|0px|100px|0px||&#8221; global_colors_info=&#8221;{}&#8221;][et_pb_row use_custom_gutter=&#8221;on&#8221; gutter_width=&#8221;4&#8243; _builder_version=&#8221;4.23.1&#8243; animation_style=&#8221;fade&#8221; global_colors_info=&#8221;{}&#8221;][et_pb_column type=&#8221;4_4&#8243; _builder_version=&#8221;4.16&#8243; custom_padding=&#8221;|||&#8221; global_colors_info=&#8221;{}&#8221; custom_padding__hover=&#8221;|||&#8221;][et_pb_text _builder_version=&#8221;4.23.1&#8243; text_font=&#8221;||||||||&#8221; header_font=&#8221;|800|||||||&#8221; header_font_size=&#8221;40px&#8221; header_2_font=&#8221;|800|||||||&#8221; header_2_font_size=&#8221;30px&#8221; header_2_line_height=&#8221;1.4em&#8221; header_3_font=&#8221;|700||on|||||&#8221; header_3_text_color=&#8221;#1A83FF&#8221; header_3_font_size=&#8221;14px&#8221; header_3_letter_spacing=&#8221;1px&#8221; header_3_line_height=&#8221;2em&#8221; header_font_size_tablet=&#8221;40px&#8221; header_font_size_phone=&#8221;25px&#8221; header_font_size_last_edited=&#8221;on|phone&#8221; header_2_font_size_tablet=&#8221;30px&#8221; header_2_font_size_phone=&#8221;25px&#8221; header_2_font_size_last_edited=&#8221;on|phone&#8221; global_colors_info=&#8221;{}&#8221;]<\/p>\n<h3>DPO Akatemia<\/h3>\n<h1>Koulutusohjelman ehdot<\/h1>\n<p>[\/et_pb_text][et_pb_divider color=&#8221;#1A83FF&#8221; divider_weight=&#8221;2px&#8221; _builder_version=&#8221;4.23.1&#8243; max_width=&#8221;60px&#8221; module_alignment=&#8221;left&#8221; height=&#8221;2px&#8221; global_colors_info=&#8221;{}&#8221;][\/et_pb_divider][\/et_pb_column][\/et_pb_row][et_pb_row column_structure=&#8221;3_5,2_5&#8243; use_custom_gutter=&#8221;on&#8221; gutter_width=&#8221;4&#8243; _builder_version=&#8221;4.23.1&#8243; custom_margin=&#8221;||40px||false|false&#8221; custom_margin_tablet=&#8221;||0px||false|false&#8221; custom_margin_phone=&#8221;||0px||false|false&#8221; custom_margin_last_edited=&#8221;on|tablet&#8221; animation_style=&#8221;fade&#8221; global_colors_info=&#8221;{}&#8221;][et_pb_column type=&#8221;3_5&#8243; _builder_version=&#8221;4.16&#8243; custom_padding=&#8221;|||&#8221; global_colors_info=&#8221;{}&#8221; custom_padding__hover=&#8221;|||&#8221;][et_pb_text _builder_version=&#8221;4.23.1&#8243; text_font=&#8221;||||||||&#8221; text_letter_spacing=&#8221;1px&#8221; text_line_height=&#8221;2em&#8221; global_colors_info=&#8221;{}&#8221;]Ilmoittautuminen on sitova. Osallistumisoikeuden voi tarvittaessa siirt\u00e4\u00e4 kollegalle. Siirto on ilmoitettava kirjallisesti koulutuksen j\u00e4rjest\u00e4j\u00e4lle. Koulutuksen j\u00e4rjest\u00e4j\u00e4ll\u00e4 on oikeus esteen tullessa perua yksitt\u00e4inen koulutuskerta, jolloin se hyvitet\u00e4\u00e4n asiakkaalle.<\/p>\n<p>Koulutusohjelman hinta on 2990 \u20ac (+ alv.) ja se sis\u00e4lt\u00e4\u00e4 asiantuntijaluennot sek\u00e4 DPO365-ohjelman lisenssin koulutuksen ajaksi.<\/p>\n<p>Pid\u00e4t\u00e4mme oikeuden muutoksiin.[\/et_pb_text][\/et_pb_column][et_pb_column type=&#8221;2_5&#8243; _builder_version=&#8221;4.16&#8243; custom_padding=&#8221;|||&#8221; global_colors_info=&#8221;{}&#8221; custom_padding__hover=&#8221;|||&#8221;][\/et_pb_column][\/et_pb_row][\/et_pb_section]<\/p>\n","protected":false},"excerpt":{"rendered":"<p>DPO Akatemia Koulutusohjelman ehdotIlmoittautuminen on sitova. Osallistumisoikeuden voi tarvittaessa siirt\u00e4\u00e4 kollegalle. Siirto on ilmoitettava kirjallisesti koulutuksen j\u00e4rjest\u00e4j\u00e4lle. Koulutuksen j\u00e4rjest\u00e4j\u00e4ll\u00e4 on oikeus esteen tullessa perua yksitt\u00e4inen koulutuskerta, jolloin se hyvitet\u00e4\u00e4n asiakkaalle. [&hellip;]<\/p>\n","protected":false},"author":1,"featured_media":0,"parent":0,"menu_order":0,"comment_status":"closed","ping_status":"closed","template":"","meta":{"_et_pb_use_builder":"on","_et_pb_old_content":"","_et_gb_content_width":"","_improvement_type_select":"improve_an_existing","_thumb_yes_seoaic":false,"_frame_yes_seoaic":false,"seoaic_generate_description":"","seoaic_improve_instructions_prompt":"","seoaic_rollback_content_improvement":"","seoaic_idea_thumbnail_generator":"","thumbnail_generated":false,"thumbnail_generate_prompt":"","seoaic_article_description":"","_price":"","_stock":"","_tribe_ticket_header":"","_tribe_default_ticket_provider":"","_tribe_ticket_capacity":"0","_ticket_start_date":"","_ticket_end_date":"","_tribe_ticket_show_description":"","_tribe_ticket_show_not_going":false,"_tribe_ticket_use_global_stock":"","_tribe_ticket_global_stock_level":"","_global_stock_mode":"","_global_stock_cap":"","_tribe_rsvp_for_event":"","_tribe_ticket_going_count":"","_tribe_ticket_not_going_count":"","_tribe_tickets_list":"[]","_tribe_ticket_has_attendee_info_fields":false,"footnotes":"","_tec_slr_enabled":"","_tec_slr_layout":""},"class_list":["post-7509","page","type-page","status-publish","hentry"],"yoast_head":"<!-- This site is optimized with the Yoast SEO plugin v27.3 - https:\/\/yoast.com\/product\/yoast-seo-wordpress\/ -->\n<title>DPO Akatemia koulutusohjelman ehdot | Privaon<\/title>\n<meta name=\"description\" content=\"Tutustu Privaonin DPO Akatemian koulutusohjelman ehtoihin. Ilmoittautuminen on sitova, mutta osallistumisoikeus voidaan siirt\u00e4\u00e4 kollegalle.\" \/>\n<meta name=\"robots\" content=\"index, follow, max-snippet:-1, max-image-preview:large, max-video-preview:-1\" \/>\n<link rel=\"canonical\" href=\"https:\/\/privaon.com\/fi\/dpo-akatemia-koulutusohjelman-ehdot\/\" \/>\n<meta property=\"og:locale\" content=\"fi_FI\" \/>\n<meta property=\"og:type\" content=\"article\" \/>\n<meta property=\"og:title\" content=\"DPO Akatemia koulutusohjelman ehdot | Privaon\" \/>\n<meta property=\"og:description\" content=\"Tutustu Privaonin DPO Akatemian koulutusohjelman ehtoihin. Ilmoittautuminen on sitova, mutta osallistumisoikeus voidaan siirt\u00e4\u00e4 kollegalle.\" \/>\n<meta property=\"og:url\" content=\"https:\/\/privaon.com\/fi\/dpo-akatemia-koulutusohjelman-ehdot\/\" \/>\n<meta property=\"og:site_name\" content=\"Privaon\" \/>\n<meta property=\"article:modified_time\" content=\"2025-09-05T07:05:53+00:00\" \/>\n<meta property=\"og:image\" content=\"https:\/\/privaon.com\/wp-content\/uploads\/2024\/07\/23-1024x576.png\" \/>\n\t<meta property=\"og:image:width\" content=\"1024\" \/>\n\t<meta property=\"og:image:height\" content=\"576\" \/>\n\t<meta property=\"og:image:type\" content=\"image\/png\" \/>\n<meta name=\"twitter:card\" content=\"summary_large_image\" \/>\n<meta name=\"twitter:label1\" content=\"Arvioitu lukuaika\" \/>\n\t<meta name=\"twitter:data1\" content=\"1 minuutti\" \/>\n<script type=\"application\/ld+json\" class=\"yoast-schema-graph\">{\"@context\":\"https:\\\/\\\/schema.org\",\"@graph\":[{\"@type\":\"WebPage\",\"@id\":\"https:\\\/\\\/privaon.com\\\/fi\\\/dpo-akatemia-koulutusohjelman-ehdot\\\/\",\"url\":\"https:\\\/\\\/privaon.com\\\/fi\\\/dpo-akatemia-koulutusohjelman-ehdot\\\/\",\"name\":\"DPO Akatemia koulutusohjelman ehdot | Privaon\",\"isPartOf\":{\"@id\":\"https:\\\/\\\/privaon.com\\\/fi\\\/#website\"},\"datePublished\":\"2024-04-18T06:34:56+00:00\",\"dateModified\":\"2025-09-05T07:05:53+00:00\",\"description\":\"Tutustu Privaonin DPO Akatemian koulutusohjelman ehtoihin. Ilmoittautuminen on sitova, mutta osallistumisoikeus voidaan siirt\u00e4\u00e4 kollegalle.\",\"breadcrumb\":{\"@id\":\"https:\\\/\\\/privaon.com\\\/fi\\\/dpo-akatemia-koulutusohjelman-ehdot\\\/#breadcrumb\"},\"inLanguage\":\"fi\",\"potentialAction\":[{\"@type\":\"ReadAction\",\"target\":[\"https:\\\/\\\/privaon.com\\\/fi\\\/dpo-akatemia-koulutusohjelman-ehdot\\\/\"]}]},{\"@type\":\"BreadcrumbList\",\"@id\":\"https:\\\/\\\/privaon.com\\\/fi\\\/dpo-akatemia-koulutusohjelman-ehdot\\\/#breadcrumb\",\"itemListElement\":[{\"@type\":\"ListItem\",\"position\":1,\"name\":\"Etusivu\",\"item\":\"https:\\\/\\\/privaon.com\\\/fi\\\/\"},{\"@type\":\"ListItem\",\"position\":2,\"name\":\"DPO Akatemia koulutusohjelman ehdot\"}]},{\"@type\":\"WebSite\",\"@id\":\"https:\\\/\\\/privaon.com\\\/fi\\\/#website\",\"url\":\"https:\\\/\\\/privaon.com\\\/fi\\\/\",\"name\":\"Privaon\",\"description\":\"Privacy as a service\",\"publisher\":{\"@id\":\"https:\\\/\\\/privaon.com\\\/fi\\\/#organization\"},\"potentialAction\":[{\"@type\":\"SearchAction\",\"target\":{\"@type\":\"EntryPoint\",\"urlTemplate\":\"https:\\\/\\\/privaon.com\\\/fi\\\/?s={search_term_string}\"},\"query-input\":{\"@type\":\"PropertyValueSpecification\",\"valueRequired\":true,\"valueName\":\"search_term_string\"}}],\"inLanguage\":\"fi\"},{\"@type\":\"Organization\",\"@id\":\"https:\\\/\\\/privaon.com\\\/fi\\\/#organization\",\"name\":\"Privaon\",\"url\":\"https:\\\/\\\/privaon.com\\\/fi\\\/\",\"logo\":{\"@type\":\"ImageObject\",\"inLanguage\":\"fi\",\"@id\":\"https:\\\/\\\/privaon.com\\\/fi\\\/#\\\/schema\\\/logo\\\/image\\\/\",\"url\":\"https:\\\/\\\/privaon.com\\\/wp-content\\\/uploads\\\/2023\\\/12\\\/privaon-logo-black-blue.png\",\"contentUrl\":\"https:\\\/\\\/privaon.com\\\/wp-content\\\/uploads\\\/2023\\\/12\\\/privaon-logo-black-blue.png\",\"width\":240,\"height\":50,\"caption\":\"Privaon\"},\"image\":{\"@id\":\"https:\\\/\\\/privaon.com\\\/fi\\\/#\\\/schema\\\/logo\\\/image\\\/\"}}]}<\/script>\n<!-- \/ Yoast SEO plugin. -->","yoast_head_json":{"title":"DPO Akatemia koulutusohjelman ehdot | Privaon","description":"Tutustu Privaonin DPO Akatemian koulutusohjelman ehtoihin. Ilmoittautuminen on sitova, mutta osallistumisoikeus voidaan siirt\u00e4\u00e4 kollegalle.","robots":{"index":"index","follow":"follow","max-snippet":"max-snippet:-1","max-image-preview":"max-image-preview:large","max-video-preview":"max-video-preview:-1"},"canonical":"https:\/\/privaon.com\/fi\/dpo-akatemia-koulutusohjelman-ehdot\/","og_locale":"fi_FI","og_type":"article","og_title":"DPO Akatemia koulutusohjelman ehdot | Privaon","og_description":"Tutustu Privaonin DPO Akatemian koulutusohjelman ehtoihin. Ilmoittautuminen on sitova, mutta osallistumisoikeus voidaan siirt\u00e4\u00e4 kollegalle.","og_url":"https:\/\/privaon.com\/fi\/dpo-akatemia-koulutusohjelman-ehdot\/","og_site_name":"Privaon","article_modified_time":"2025-09-05T07:05:53+00:00","og_image":[{"width":1024,"height":576,"url":"https:\/\/privaon.com\/wp-content\/uploads\/2024\/07\/23-1024x576.png","type":"image\/png"}],"twitter_card":"summary_large_image","twitter_misc":{"Arvioitu lukuaika":"1 minuutti"},"schema":{"@context":"https:\/\/schema.org","@graph":[{"@type":"WebPage","@id":"https:\/\/privaon.com\/fi\/dpo-akatemia-koulutusohjelman-ehdot\/","url":"https:\/\/privaon.com\/fi\/dpo-akatemia-koulutusohjelman-ehdot\/","name":"DPO Akatemia koulutusohjelman ehdot | Privaon","isPartOf":{"@id":"https:\/\/privaon.com\/fi\/#website"},"datePublished":"2024-04-18T06:34:56+00:00","dateModified":"2025-09-05T07:05:53+00:00","description":"Tutustu Privaonin DPO Akatemian koulutusohjelman ehtoihin. Ilmoittautuminen on sitova, mutta osallistumisoikeus voidaan siirt\u00e4\u00e4 kollegalle.","breadcrumb":{"@id":"https:\/\/privaon.com\/fi\/dpo-akatemia-koulutusohjelman-ehdot\/#breadcrumb"},"inLanguage":"fi","potentialAction":[{"@type":"ReadAction","target":["https:\/\/privaon.com\/fi\/dpo-akatemia-koulutusohjelman-ehdot\/"]}]},{"@type":"BreadcrumbList","@id":"https:\/\/privaon.com\/fi\/dpo-akatemia-koulutusohjelman-ehdot\/#breadcrumb","itemListElement":[{"@type":"ListItem","position":1,"name":"Etusivu","item":"https:\/\/privaon.com\/fi\/"},{"@type":"ListItem","position":2,"name":"DPO Akatemia koulutusohjelman ehdot"}]},{"@type":"WebSite","@id":"https:\/\/privaon.com\/fi\/#website","url":"https:\/\/privaon.com\/fi\/","name":"Privaon","description":"Privacy as a service","publisher":{"@id":"https:\/\/privaon.com\/fi\/#organization"},"potentialAction":[{"@type":"SearchAction","target":{"@type":"EntryPoint","urlTemplate":"https:\/\/privaon.com\/fi\/?s={search_term_string}"},"query-input":{"@type":"PropertyValueSpecification","valueRequired":true,"valueName":"search_term_string"}}],"inLanguage":"fi"},{"@type":"Organization","@id":"https:\/\/privaon.com\/fi\/#organization","name":"Privaon","url":"https:\/\/privaon.com\/fi\/","logo":{"@type":"ImageObject","inLanguage":"fi","@id":"https:\/\/privaon.com\/fi\/#\/schema\/logo\/image\/","url":"https:\/\/privaon.com\/wp-content\/uploads\/2023\/12\/privaon-logo-black-blue.png","contentUrl":"https:\/\/privaon.com\/wp-content\/uploads\/2023\/12\/privaon-logo-black-blue.png","width":240,"height":50,"caption":"Privaon"},"image":{"@id":"https:\/\/privaon.com\/fi\/#\/schema\/logo\/image\/"}}]}},"ticketed":false,"_links":{"self":[{"href":"https:\/\/privaon.com\/fi\/wp-json\/wp\/v2\/pages\/7509","targetHints":{"allow":["GET"]}}],"collection":[{"href":"https:\/\/privaon.com\/fi\/wp-json\/wp\/v2\/pages"}],"about":[{"href":"https:\/\/privaon.com\/fi\/wp-json\/wp\/v2\/types\/page"}],"author":[{"embeddable":true,"href":"https:\/\/privaon.com\/fi\/wp-json\/wp\/v2\/users\/1"}],"replies":[{"embeddable":true,"href":"https:\/\/privaon.com\/fi\/wp-json\/wp\/v2\/comments?post=7509"}],"version-history":[{"count":5,"href":"https:\/\/privaon.com\/fi\/wp-json\/wp\/v2\/pages\/7509\/revisions"}],"predecessor-version":[{"id":8928,"href":"https:\/\/privaon.com\/fi\/wp-json\/wp\/v2\/pages\/7509\/revisions\/8928"}],"wp:attachment":[{"href":"https:\/\/privaon.com\/fi\/wp-json\/wp\/v2\/media?parent=7509"}],"curies":[{"name":"wp","href":"https:\/\/api.w.org\/{rel}","templated":true}]}}